{"id":267,"date":"2026-02-03T14:53:40","date_gmt":"2026-02-03T17:53:40","guid":{"rendered":"https:\/\/motoristasp.com\/?page_id=267"},"modified":"2026-02-03T14:53:53","modified_gmt":"2026-02-03T17:53:53","slug":"quem-somos","status":"publish","type":"page","link":"https:\/\/motoristasp.com\/en\/quem-somos\/","title":{"rendered":"The Company"},"content":{"rendered":"<div data-elementor-type=\"wp-page\" data-elementor-id=\"267\" class=\"elementor elementor-267\" data-elementor-post-type=\"page\">\n\t\t\t\t\t\t<section class=\"elementor-section elementor-top-section elementor-element elementor-element-2a81d323 elementor-section-content-middle elementor-section-boxed elementor-section-height-default elementor-section-height-default\" data-id=\"2a81d323\" data-element_type=\"section\" data-settings=\"{&quot;background_background&quot;:&quot;gradient&quot;}\">\n\t\t\t\t\t\t<div class=\"elementor-container elementor-column-gap-custom\">\n\t\t\t\t\t<div class=\"elementor-column elementor-col-50 elementor-top-column elementor-element elementor-element-409c2aec\" data-id=\"409c2aec\" data-element_type=\"column\">\n\t\t\t<div class=\"elementor-widget-wrap elementor-element-populated\">\n\t\t\t\t\t\t<div class=\"elementor-element elementor-element-1b90122d elementor-widget elementor-widget-image\" data-id=\"1b90122d\" data-element_type=\"widget\" data-widget_type=\"image.default\">\n\t\t\t\t<div class=\"elementor-widget-container\">\n\t\t\t\t\t\t\t\t\t\t\t\t\t\t\t<img fetchpriority=\"high\" decoding=\"async\" width=\"1344\" height=\"768\" src=\"https:\/\/motoristasp.com\/wp-content\/uploads\/2025\/02\/motorista-mercedes-motorista-sp.jpg\" class=\"attachment-1536x1536 size-1536x1536 wp-image-200\" alt=\"\" srcset=\"https:\/\/motoristasp.com\/wp-content\/uploads\/2025\/02\/motorista-mercedes-motorista-sp.jpg 1344w, https:\/\/motoristasp.com\/wp-content\/uploads\/2025\/02\/motorista-mercedes-motorista-sp-300x171.jpg 300w, https:\/\/motoristasp.com\/wp-content\/uploads\/2025\/02\/motorista-mercedes-motorista-sp-1024x585.jpg 1024w, https:\/\/motoristasp.com\/wp-content\/uploads\/2025\/02\/motorista-mercedes-motorista-sp-768x439.jpg 768w, https:\/\/motoristasp.com\/wp-content\/uploads\/2025\/02\/motorista-mercedes-motorista-sp-18x10.jpg 18w\" sizes=\"(max-width: 1344px) 100vw, 1344px\" \/>\t\t\t\t\t\t\t\t\t\t\t\t\t\t\t<\/div>\n\t\t\t\t<\/div>\n\t\t\t\t\t<\/div>\n\t\t<\/div>\n\t\t\t\t<div class=\"elementor-column elementor-col-50 elementor-top-column elementor-element elementor-element-15158088\" data-id=\"15158088\" data-element_type=\"column\" data-settings=\"{&quot;background_background&quot;:&quot;gradient&quot;}\">\n\t\t\t<div class=\"elementor-widget-wrap elementor-element-populated\">\n\t\t\t\t\t\t<div class=\"elementor-element elementor-element-74c5898a elementor-widget elementor-widget-menu-anchor\" data-id=\"74c5898a\" data-element_type=\"widget\" data-widget_type=\"menu-anchor.default\">\n\t\t\t\t<div class=\"elementor-widget-container\">\n\t\t\t\t\t\t\t<div class=\"elementor-menu-anchor\" id=\"quemsomos\"><\/div>\n\t\t\t\t\t\t<\/div>\n\t\t\t\t<\/div>\n\t\t\t\t<section class=\"elementor-section elementor-inner-section elementor-element elementor-element-4a829ee4 elementor-section-boxed elementor-section-height-default elementor-section-height-default\" data-id=\"4a829ee4\" data-element_type=\"section\">\n\t\t\t\t\t\t<div class=\"elementor-container elementor-column-gap-default\">\n\t\t\t\t\t<div class=\"elementor-column elementor-col-100 elementor-inner-column elementor-element elementor-element-417a4d1c\" data-id=\"417a4d1c\" data-element_type=\"column\">\n\t\t\t<div class=\"elementor-widget-wrap elementor-element-populated\">\n\t\t\t\t\t\t<div class=\"elementor-element elementor-element-3939ef9c elementor-widget elementor-widget-heading\" data-id=\"3939ef9c\" data-element_type=\"widget\" data-widget_type=\"heading.default\">\n\t\t\t\t<div class=\"elementor-widget-container\">\n\t\t\t\t\t<h1 class=\"elementor-heading-title elementor-size-default\">Luxury Car Rental with Bilingual Driver\n<\/h1>\t\t\t\t<\/div>\n\t\t\t\t<\/div>\n\t\t\t\t<div class=\"elementor-element elementor-element-52ba71df elementor-widget elementor-widget-heading\" data-id=\"52ba71df\" data-element_type=\"widget\" data-widget_type=\"heading.default\">\n\t\t\t\t<div class=\"elementor-widget-container\">\n\t\t\t\t\t<p class=\"elementor-heading-title elementor-size-default\"><span style=\"background-color: transparent\">The <\/span><strong data-start=\"835\" data-end=\"851\" style=\"background-color: transparent\">Motorista SP<\/strong><span style=\"background-color: transparent\"> It is a company specialized in <\/span><strong data-start=\"883\" data-end=\"930\" style=\"background-color: transparent\">Executive transportation in the city of S\u00e3o Paulo.<\/strong><span style=\"background-color: transparent\">, operating with a focus on excellence, punctuality and safety.\n\n<\/span><span style=\"background-color: transparent\">With a team of experienced drivers fluent in Portuguese and English, we offer a personalized service for clients who value comfort, discretion, and speed.\n<\/span><span style=\"background-color: transparent\">Our cars include <\/span><strong data-start=\"1185\" data-end=\"1232\" style=\"background-color: transparent\">executive sedans, vans and armored vehicles<\/strong><span style=\"background-color: transparent\">All equipped with air conditioning and up-to-date maintenance, ready to handle everything from work appointments to special transfers.<\/span><\/p>\t\t\t\t<\/div>\n\t\t\t\t<\/div>\n\t\t\t\t<div class=\"elementor-element elementor-element-36e8a82d elementor-widget-divider--view-line elementor-widget elementor-widget-divider\" data-id=\"36e8a82d\" data-element_type=\"widget\" data-widget_type=\"divider.default\">\n\t\t\t\t<div class=\"elementor-widget-container\">\n\t\t\t\t\t\t\t<div class=\"elementor-divider\">\n\t\t\t<span class=\"elementor-divider-separator\">\n\t\t\t\t\t\t<\/span>\n\t\t<\/div>\n\t\t\t\t\t\t<\/div>\n\t\t\t\t<\/div>\n\t\t\t\t\t<\/div>\n\t\t<\/div>\n\t\t\t\t\t<\/div>\n\t\t<\/section>\n\t\t\t\t\t<\/div>\n\t\t<\/div>\n\t\t\t\t\t<\/div>\n\t\t<\/section>\n\t\t\t\t<\/div>","protected":false},"excerpt":{"rendered":"<p>Loca\u00e7\u00e3o de Carros de Luxo com Motorista Bil\u00edngue A Motorista SP \u00e9 uma empresa especializada em transporte executivo na cidade de S\u00e3o Paulo, atuando com foco na excel\u00eancia, pontualidade e seguran\u00e7a. Com uma equipe de motoristas experientes, fluentes em portugu\u00eas e ingl\u00eas, oferecemos um servi\u00e7o personalizado para clientes que valorizam conforto, discri\u00e7\u00e3o e agilidade. Nossos [&hellip;]<\/p>","protected":false},"author":1,"featured_media":0,"parent":0,"menu_order":0,"comment_status":"closed","ping_status":"closed","template":"elementor_header_footer","meta":{"_joinchat":[],"footnotes":""},"class_list":["post-267","page","type-page","status-publish","hentry"],"_links":{"self":[{"href":"https:\/\/motoristasp.com\/en\/wp-json\/wp\/v2\/pages\/267","targetHints":{"allow":["GET"]}}],"collection":[{"href":"https:\/\/motoristasp.com\/en\/wp-json\/wp\/v2\/pages"}],"about":[{"href":"https:\/\/motoristasp.com\/en\/wp-json\/wp\/v2\/types\/page"}],"author":[{"embeddable":true,"href":"https:\/\/motoristasp.com\/en\/wp-json\/wp\/v2\/users\/1"}],"replies":[{"embeddable":true,"href":"https:\/\/motoristasp.com\/en\/wp-json\/wp\/v2\/comments?post=267"}],"version-history":[{"count":4,"href":"https:\/\/motoristasp.com\/en\/wp-json\/wp\/v2\/pages\/267\/revisions"}],"predecessor-version":[{"id":271,"href":"https:\/\/motoristasp.com\/en\/wp-json\/wp\/v2\/pages\/267\/revisions\/271"}],"wp:attachment":[{"href":"https:\/\/motoristasp.com\/en\/wp-json\/wp\/v2\/media?parent=267"}],"curies":[{"name":"wp","href":"https:\/\/api.w.org\/{rel}","templated":true}]}}